{"id":8,"date":"2025-06-09T15:24:53","date_gmt":"2025-06-09T13:24:53","guid":{"rendered":"http:\/\/mfsecure.fr\/?page_id=8"},"modified":"2025-07-12T17:07:01","modified_gmt":"2025-07-12T15:07:01","slug":"homepage","status":"publish","type":"page","link":"https:\/\/mfsecure.fr\/","title":{"rendered":"Homepage"},"content":{"rendered":"\n<hr class=\"wp-block-separator has-alpha-channel-opacity\" style=\"margin-top:var(--wp--preset--spacing--medium);margin-bottom:var(--wp--preset--spacing--medium)\"\/>\n\n\n\n<h3 class=\"wp-block-heading alignwide has-text-align-center\">Nous mettons \u00e0 disposition des agents qualifi\u00e9s, discrets et exp\u00e9riment\u00e9s pour assurer la s\u00e9curit\u00e9 de nos clients en toutes circonstances<\/h3>\n\n\n\n<div class=\"wp-block-group has-global-padding is-layout-constrained wp-block-group-is-layout-constrained\">\n<hr class=\"wp-block-separator has-alpha-channel-opacity\" style=\"margin-top:var(--wp--preset--spacing--medium);margin-bottom:var(--wp--preset--spacing--medium)\"\/>\n<\/div>\n\n\n\n<div id=\"services\" class=\"wp-block-group alignfull pattern_multiple_covers has-background has-global-padding is-layout-constrained wp-block-group-is-layout-constrained\" style=\"background-color:#88cfce\">\n<div class=\"wp-block-group has-global-padding is-layout-constrained wp-block-group-is-layout-constrained\" style=\"padding-top:var(--wp--preset--spacing--small);padding-bottom:var(--wp--preset--spacing--small)\">\n<div class=\"wp-block-columns are-vertically-aligned-center is-layout-flex wp-container-core-columns-is-layout-c375d253 wp-block-columns-is-layout-flex\">\n<div class=\"wp-block-column is-vertically-aligned-center is-layout-flow wp-block-column-is-layout-flow\">\n<figure class=\"wp-block-image size-large is-resized\"><img loading=\"lazy\" decoding=\"async\" width=\"935\" height=\"1024\" src=\"http:\/\/mfsecure.fr\/wp-content\/uploads\/2025\/07\/MFsecureImage04-e1752322198541-935x1024.jpg\" alt=\"\" class=\"wp-image-219\" style=\"width:377px;height:auto\" srcset=\"https:\/\/mfsecure.fr\/wp-content\/uploads\/2025\/07\/MFsecureImage04-e1752322198541-935x1024.jpg 935w, https:\/\/mfsecure.fr\/wp-content\/uploads\/2025\/07\/MFsecureImage04-e1752322198541-274x300.jpg 274w, https:\/\/mfsecure.fr\/wp-content\/uploads\/2025\/07\/MFsecureImage04-e1752322198541-768x841.jpg 768w, https:\/\/mfsecure.fr\/wp-content\/uploads\/2025\/07\/MFsecureImage04-e1752322198541.jpg 1096w\" sizes=\"auto, (max-width: 935px) 100vw, 935px\" \/><\/figure>\n<\/div>\n\n\n\n<div class=\"wp-block-column is-vertically-aligned-center is-layout-flow wp-block-column-is-layout-flow\">\n<h2 class=\"wp-block-heading has-text-align-center has-medium-font-size\" style=\"text-transform:uppercase\">Notre mission : votre s\u00e9curit\u00e9, sans compromis<\/h2>\n\n\n\n<p class=\"has-text-align-center\">Nous mettons \u00e0 votre service tout notre savoir-faire, protection sur le territoire national et \u00e0 l&rsquo;\u00e9tranger, conducteur de s\u00e9curit\u00e9, audit de s\u00e9curit\u00e9, gestion de crise. Que vous soyez une personnalit\u00e9 publique, un dirigeant, un VIP ou une personne expos\u00e9e \u00e0 des risques, notre priorit\u00e9 est de garantir votre protection, \u00e0 chaque instant, dans toutes les circonstances.<\/p>\n<\/div>\n<\/div>\n<\/div>\n<\/div>\n\n\n\n<hr class=\"wp-block-separator has-alpha-channel-opacity\" style=\"margin-top:var(--wp--preset--spacing--medium);margin-bottom:var(--wp--preset--spacing--medium)\"\/>\n\n\n\n<div class=\"wp-block-group alignfull has-background has-global-padding is-layout-constrained wp-block-group-is-layout-constrained\" style=\"background-color:#7f8caa\">\n<div class=\"wp-block-group has-global-padding is-layout-constrained wp-block-group-is-layout-constrained\" style=\"padding-top:var(--wp--preset--spacing--small);padding-bottom:var(--wp--preset--spacing--small)\">\n<div class=\"wp-block-columns is-layout-flex wp-container-core-columns-is-layout-c375d253 wp-block-columns-is-layout-flex\">\n<div class=\"wp-block-column is-vertically-aligned-center is-layout-flow wp-block-column-is-layout-flow\">\n<h2 class=\"wp-block-heading has-medium-font-size\" style=\"text-transform:uppercase\">Discr\u00e9tion, r\u00e9activit\u00e9, efficacit\u00e9<\/h2>\n\n\n\n<p>Chaque mission de s\u00e9curit\u00e9 rapproch\u00e9e exige une parfaite ma\u00eetrise du temps, de l\u2019espace et des comportements. Nos agents op\u00e8rent avec une discr\u00e9tion totale, pr\u00eats \u00e0 agir en un instant sans jamais nuire \u00e0 votre confort ou \u00e0 votre image. Leur r\u00e9activit\u00e9 et leur sang-froid font la diff\u00e9rence dans les situations sensibles ou impr\u00e9vues.<\/p>\n<\/div>\n\n\n\n<div class=\"wp-block-column is-layout-flow wp-block-column-is-layout-flow\">\n<figure class=\"wp-block-image size-full is-resized\"><img loading=\"lazy\" decoding=\"async\" width=\"1024\" height=\"1024\" src=\"http:\/\/mfsecure.fr\/wp-content\/uploads\/2025\/07\/MFsecureImage07.jpeg\" alt=\"\" class=\"wp-image-228\" style=\"width:423px;height:auto\" srcset=\"https:\/\/mfsecure.fr\/wp-content\/uploads\/2025\/07\/MFsecureImage07.jpeg 1024w, https:\/\/mfsecure.fr\/wp-content\/uploads\/2025\/07\/MFsecureImage07-300x300.jpeg 300w, https:\/\/mfsecure.fr\/wp-content\/uploads\/2025\/07\/MFsecureImage07-150x150.jpeg 150w\" sizes=\"auto, (max-width: 1024px) 100vw, 1024px\" \/><\/figure>\n<\/div>\n<\/div>\n<\/div>\n<\/div>\n\n\n\n<hr class=\"wp-block-separator has-alpha-channel-opacity\" style=\"margin-top:var(--wp--preset--spacing--medium);margin-bottom:var(--wp--preset--spacing--medium)\"\/>\n\n\n\n<div class=\"wp-block-group alignfull has-background has-global-padding is-layout-constrained wp-block-group-is-layout-constrained\" style=\"background-color:#88cfce\">\n<div class=\"wp-block-group has-global-padding is-layout-constrained wp-block-group-is-layout-constrained\" style=\"padding-top:var(--wp--preset--spacing--small);padding-bottom:var(--wp--preset--spacing--small)\">\n<div class=\"wp-block-columns are-vertically-aligned-center is-layout-flex wp-container-core-columns-is-layout-c375d253 wp-block-columns-is-layout-flex\">\n<div class=\"wp-block-column is-vertically-aligned-center is-layout-flow wp-block-column-is-layout-flow\">\n<figure class=\"wp-block-image size-full is-resized\"><img loading=\"lazy\" decoding=\"async\" width=\"1080\" height=\"1080\" src=\"http:\/\/mfsecure.fr\/wp-content\/uploads\/2025\/07\/MFsecureImage06.jpg\" alt=\"\" class=\"wp-image-225\" style=\"width:381px;height:auto\" srcset=\"https:\/\/mfsecure.fr\/wp-content\/uploads\/2025\/07\/MFsecureImage06.jpg 1080w, https:\/\/mfsecure.fr\/wp-content\/uploads\/2025\/07\/MFsecureImage06-300x300.jpg 300w, https:\/\/mfsecure.fr\/wp-content\/uploads\/2025\/07\/MFsecureImage06-1024x1024.jpg 1024w, https:\/\/mfsecure.fr\/wp-content\/uploads\/2025\/07\/MFsecureImage06-150x150.jpg 150w\" sizes=\"auto, (max-width: 1080px) 100vw, 1080px\" \/><\/figure>\n<\/div>\n\n\n\n<div class=\"wp-block-column is-vertically-aligned-center is-layout-flow wp-block-column-is-layout-flow\">\n<h2 class=\"wp-block-heading has-medium-font-size\" style=\"text-transform:uppercase\">Confidentialit\u00e9 et discr\u00e9tion assur\u00e9es<\/h2>\n\n\n\n<p>Nous savons que la s\u00e9curit\u00e9 ne se limite pas \u00e0 la protection physique. Elle inclut aussi la <strong>confidentialit\u00e9 de vos informations, d\u00e9placements et relations<\/strong>. Nos agents signent des accords de confidentialit\u00e9 stricts et agissent avec un professionnalisme absolu, dans l\u2019ombre si n\u00e9cessaire.<\/p>\n<\/div>\n<\/div>\n<\/div>\n<\/div>\n\n\n\n<hr class=\"wp-block-separator has-alpha-channel-opacity\" style=\"margin-top:var(--wp--preset--spacing--medium);margin-bottom:var(--wp--preset--spacing--medium)\"\/>\n\n\n\n<div id=\"team\" class=\"wp-block-group has-global-padding is-layout-constrained wp-block-group-is-layout-constrained\">\n<div class=\"wp-block-group is-layout-flow wp-block-group-is-layout-flow\">\n<h2 class=\"wp-block-heading\">Nous contacter<\/h2>\n\n\n\n<p>N\u2019h\u00e9sitez pas \u00e0 nous contacter pour toute demande d\u2019information ou pour \u00e9changer sur vos besoins.<\/p>\n\n\n\n<p>Nous vous r\u00e9pondrons rapidement et en toute confidentialit\u00e9. <\/p>\n\n\n\n<div style=\"height:0px\" aria-hidden=\"true\" class=\"wp-block-spacer\"><\/div>\n\n\n\n<div class=\"wp-block-group is-nowrap is-layout-flex wp-container-core-group-is-layout-6c531013 wp-block-group-is-layout-flex\">\n<p>Mail : contact@mfsecure.fr<\/p>\n<\/div>\n\n\n\n<p><\/p>\n<\/div>\n<\/div>\n","protected":false},"excerpt":{"rendered":"<p>Nous mettons \u00e0 disposition des agents qualifi\u00e9s, discrets et exp\u00e9riment\u00e9s pour assurer la s\u00e9curit\u00e9 de nos clients en toutes circonstances Notre mission : votre s\u00e9curit\u00e9, sans compromis Nous mettons \u00e0 votre service tout notre savoir-faire, protection sur le territoire national et \u00e0 l&rsquo;\u00e9tranger, conducteur de s\u00e9curit\u00e9, audit de s\u00e9curit\u00e9, gestion de crise. Que vous soyez &hellip; <\/p>\n<p class=\"link-more\"><a href=\"https:\/\/mfsecure.fr\/\" class=\"more-link\">Lire la suite de<span class=\"screen-reader-text\">\u00ab\u00a0Homepage\u00a0\u00bb<\/span><\/a><\/p>\n","protected":false},"author":1,"featured_media":172,"parent":0,"menu_order":0,"comment_status":"closed","ping_status":"closed","template":"page-templates\/homepage-builder-bb.php","meta":{"footnotes":""},"class_list":["post-8","page","type-page","status-publish","has-post-thumbnail","hentry"],"_links":{"self":[{"href":"https:\/\/mfsecure.fr\/index.php?rest_route=\/wp\/v2\/pages\/8","targetHints":{"allow":["GET"]}}],"collection":[{"href":"https:\/\/mfsecure.fr\/index.php?rest_route=\/wp\/v2\/pages"}],"about":[{"href":"https:\/\/mfsecure.fr\/index.php?rest_route=\/wp\/v2\/types\/page"}],"author":[{"embeddable":true,"href":"https:\/\/mfsecure.fr\/index.php?rest_route=\/wp\/v2\/users\/1"}],"replies":[{"embeddable":true,"href":"https:\/\/mfsecure.fr\/index.php?rest_route=%2Fwp%2Fv2%2Fcomments&post=8"}],"version-history":[{"count":54,"href":"https:\/\/mfsecure.fr\/index.php?rest_route=\/wp\/v2\/pages\/8\/revisions"}],"predecessor-version":[{"id":229,"href":"https:\/\/mfsecure.fr\/index.php?rest_route=\/wp\/v2\/pages\/8\/revisions\/229"}],"wp:featuredmedia":[{"embeddable":true,"href":"https:\/\/mfsecure.fr\/index.php?rest_route=\/wp\/v2\/media\/172"}],"wp:attachment":[{"href":"https:\/\/mfsecure.fr\/index.php?rest_route=%2Fwp%2Fv2%2Fmedia&parent=8"}],"curies":[{"name":"wp","href":"https:\/\/api.w.org\/{rel}","templated":true}]}}